{"id":2542,"date":"2017-02-16T10:26:46","date_gmt":"2017-02-16T10:26:46","guid":{"rendered":"http:\/\/glueckstadt-matjeswochen.de\/400-jahre-glueckstadt\/"},"modified":"2018-03-21T13:15:29","modified_gmt":"2018-03-21T12:15:29","slug":"glueckstadt-history-of-the-town","status":"publish","type":"page","link":"https:\/\/glueckstadt-tourismus.de\/en\/glueckstadt-history-of-the-town\/","title":{"rendered":"Gl\u00fcckstadt &#8211; History of the town"},"content":{"rendered":"<div class=\"wpb-content-wrapper\">[vc_row][vc_column]\n\t\t\t\t<p class=\"rs-p-wp-fix\"><\/p>\n\t\t\t\t<sr7-module data-alias=\"stadtportrait\" data-id=\"1\" id=\"SR7_1_1\" class=\"rs-ov-hidden\" data-version=\"6.7.53\">\n\t\t\t\t\t<sr7-adjuster><\/sr7-adjuster>\n\t\t\t\t\t<sr7-content>\n\t\t\t\t\t\t<sr7-slide id=\"SR7_1_1-1\" data-key=\"1\">\n\t\t\t\t\t\t\t<sr7-bg id=\"SR7_1_1-1-1\" class=\"sr7-layer\"><noscript><img decoding=\"async\" src=\"https:\/\/glueckstadt-tourismus.de\/wp-content\/uploads\/2017\/02\/jhh__panorama.jpg\" alt=\"Gl\u00fcckstadt Marktplatz\" title=\"Gl\u00fcckstadt Marktplatz\"><\/noscript><\/sr7-bg>\n\t\t\t\t\t\t<\/sr7-slide>\n\t\t\t\t\t\t<sr7-slide id=\"SR7_1_1-2\" data-key=\"2\">\n\t\t\t\t\t\t\t<sr7-bg id=\"SR7_1_1-2-1\" class=\"sr7-layer\"><noscript><img decoding=\"async\" src=\"https:\/\/glueckstadt-tourismus.de\/wp-content\/uploads\/2017\/02\/img_7313.jpg\" alt=\"Boote in Gl\u00fcckstadt\" title=\"Boote in Gl\u00fcckstadt\"><\/noscript><\/sr7-bg>\n\t\t\t\t\t\t<\/sr7-slide>\n\t\t\t\t\t\t<sr7-slide id=\"SR7_1_1-3\" data-key=\"3\">\n\t\t\t\t\t\t\t<sr7-bg id=\"SR7_1_1-3-1\" class=\"sr7-layer\"><noscript><img decoding=\"async\" src=\"https:\/\/glueckstadt-tourismus.de\/wp-content\/uploads\/2017\/02\/binnenhafen_glueckstadt.jpg\" alt=\"Binnenhafen Gl\u00fcckstadt\" title=\"binnenhafen_glueckstadt\"><\/noscript><\/sr7-bg>\n\t\t\t\t\t\t<\/sr7-slide>\n\t\t\t\t\t\t<sr7-slide id=\"SR7_1_1-53\" data-key=\"53\">\n\t\t\t\t\t\t<\/sr7-slide>\n\t\t\t\t\t<\/sr7-content>\n\t\t\t\t\t<image_lists style=\"display:none\">\n\t\t\t\t\t\t<img data-src=\"\/\/glueckstadt-tourismus.de\/wp-content\/uploads\/2017\/02\/jhh__panorama.jpg\" width=\"0\" height=\"0\" data-dbsrc=\"Ly9nbHVlY2tzdGFkdC10b3VyaXNtdXMuZGUvd3AtY29udGVudC91cGxvYWRzLzIwMTcvMDIvamhoX19wYW5vcmFtYS5qcGc=\"\/>\n\t\t\t\t\t\t<img data-src=\"\/\/glueckstadt-tourismus.de\/wp-content\/uploads\/2017\/02\/img_7313.jpg\" width=\"0\" height=\"0\" data-dbsrc=\"Ly9nbHVlY2tzdGFkdC10b3VyaXNtdXMuZGUvd3AtY29udGVudC91cGxvYWRzLzIwMTcvMDIvaW1nXzczMTMuanBn\"\/>\n\t\t\t\t\t\t<img data-src=\"\/\/glueckstadt-tourismus.de\/wp-content\/uploads\/2017\/02\/binnenhafen_glueckstadt.jpg\" width=\"0\" height=\"0\" data-dbsrc=\"Ly9nbHVlY2tzdGFkdC10b3VyaXNtdXMuZGUvd3AtY29udGVudC91cGxvYWRzLzIwMTcvMDIvYmlubmVuaGFmZW5fZ2x1ZWNrc3RhZHQuanBn\"\/>\n\t\t\t\t\t<\/image_lists>\n\t\t\t\t<\/sr7-module>\n\t\t\t\t<script>\n\t\t\t\t\twindow.SR7 ??={};SR7.PMH ??={}; SR7.PMH[\"SR7_1_1\"] = {cn:100,state:false,fn: function() { if (window._tpt!==undefined && window._tpt.prepareModuleHeight !== undefined) {  _tpt.prepareModuleHeight({id:\"SR7_1_1\",type:'standard',shdw:'0',gh:[500,500,267,203,125],gw:[1920,1920,1024,778,480],vpt:['-200px'],size:{fullWidth:true, fullHeight:false},mh:'0',onh:0,onw:0,bg:{color:'{\"orig\":\"transparent\",\"type\":\"solid\",\"string\":\"transparent\"}'},plType:'0',plColor:'#FFFFFF'});   SR7.PMH[\"SR7_1_1\"].state=true;} else if(SR7.PMH[\"SR7_1_1\"].cn-->0)\tsetTimeout( SR7.PMH[\"SR7_1_1\"].fn,19);}};SR7.PMH[\"SR7_1_1\" ].fn();\n\t\t\t\t<\/script>\n[\/vc_column][\/vc_row][vc_row css=&#8221;.vc_custom_1487177245652{padding-top: 40px !important;padding-bottom: 0px !important;}&#8221;][vc_column][vc_custom_heading source=&#8221;post_title&#8221; font_container=&#8221;tag:h1|text_align:left&#8221; use_theme_fonts=&#8221;yes&#8221;][\/vc_column][\/vc_row][vc_row css=&#8221;.vc_custom_1487167258260{padding-bottom: 40px !important;}&#8221;][vc_column][vc_column_text css=&#8221;.vc_custom_1521634381812{margin-bottom: 0px !important;}&#8221;]\u201eDat schall gl\u00fccken und dat mutt gl\u00fccken, un dann schall se ok Gl\u00fcckstadt heten\u201c (\u201cWe shall have luck and we need to have luck and therefore I name the town Gl\u00fcckstadt [German for \u2018Lucky Town\u2019].\u201d) \u2013 These were the words of Christian IV, King of Denmark when, against all odds, he founded our lovely town in the unexplored marsh landscape along the Elbe on 22 March 1617.<\/p>\n<p>Lucky us! Today, about 400 years later, the King\u2019s audacious dream turned into a picturesque town whose citizens enjoy living in this historic town amidst the beautiful landscape of the Elbmarschen. And what better opportunity to share our luck than by celebrating our towns anniversary![\/vc_column_text][\/vc_column][\/vc_row][vc_row][vc_column][vc_basic_grid post_type=&#8221;post&#8221; max_items=&#8221;10&#8243; element_width=&#8221;6&#8243; gap=&#8221;20&#8243; order=&#8221;ASC&#8221; item=&#8221;413&#8243; grid_id=&#8221;vc_gid:1521634358914-11021781-b777-8&#8243; taxonomies=&#8221;34&#8243;][\/vc_column][\/vc_row]<\/div>","protected":false},"excerpt":{"rendered":"<p>[vc_row][vc_column][\/vc_column][\/vc_row][vc_row css=&#8221;.vc_custom_1487177245652{padding-top: 40px !important;padding-bottom: 0px !important;}&#8221;][vc_column][vc_custom_heading source=&#8221;post_title&#8221; font_container=&#8221;tag:h1|text_align:left&#8221; use_theme_fonts=&#8221;yes&#8221;][\/vc_column][\/vc_row][vc_row css=&#8221;.vc_custom_1487167258260{padding-bottom: 40px !important;}&#8221;][vc_column][vc_column_text css=&#8221;.vc_custom_1521634381812{margin-bottom: 0px !important;}&#8221;]\u201eDat schall gl\u00fccken und dat mutt gl\u00fccken, un dann schall se ok Gl\u00fcckstadt heten\u201c (\u201cWe shall have luck and we need to have luck and therefore I name the town Gl\u00fcckstadt [German for \u2018Lucky Town\u2019].\u201d) \u2013 These were the words of [&hellip;]<\/p>\n","protected":false},"author":3,"featured_media":0,"parent":0,"menu_order":0,"comment_status":"closed","ping_status":"closed","template":"","meta":{"_acf_changed":false,"footnotes":""},"class_list":["post-2542","page","type-page","status-publish","hentry"],"acf":[],"_links":{"self":[{"href":"https:\/\/glueckstadt-tourismus.de\/en\/wp-json\/wp\/v2\/pages\/2542","targetHints":{"allow":["GET"]}}],"collection":[{"href":"https:\/\/glueckstadt-tourismus.de\/en\/wp-json\/wp\/v2\/pages"}],"about":[{"href":"https:\/\/glueckstadt-tourismus.de\/en\/wp-json\/wp\/v2\/types\/page"}],"author":[{"embeddable":true,"href":"https:\/\/glueckstadt-tourismus.de\/en\/wp-json\/wp\/v2\/users\/3"}],"replies":[{"embeddable":true,"href":"https:\/\/glueckstadt-tourismus.de\/en\/wp-json\/wp\/v2\/comments?post=2542"}],"version-history":[{"count":0,"href":"https:\/\/glueckstadt-tourismus.de\/en\/wp-json\/wp\/v2\/pages\/2542\/revisions"}],"wp:attachment":[{"href":"https:\/\/glueckstadt-tourismus.de\/en\/wp-json\/wp\/v2\/media?parent=2542"}],"curies":[{"name":"wp","href":"https:\/\/api.w.org\/{rel}","templated":true}]}}