{"id":2532,"date":"2017-02-21T13:45:22","date_gmt":"2017-02-21T13:45:22","guid":{"rendered":"http:\/\/glueckstadt-matjeswochen.de\/was-ist-los-in-glueckstadt\/"},"modified":"2019-08-08T14:33:32","modified_gmt":"2019-08-08T12:33:32","slug":"events","status":"publish","type":"page","link":"https:\/\/glueckstadt-tourismus.de\/en\/events\/","title":{"rendered":"Events"},"content":{"rendered":"<div class=\"wpb-content-wrapper\">[vc_row][vc_column]\n\t\t\t\t<p class=\"rs-p-wp-fix\"><\/p>\n\t\t\t\t<sr7-module data-alias=\"veranstaltungen6\" data-id=\"7\" id=\"SR7_7_1\" data-version=\"6.7.53\">\n\t\t\t\t\t<sr7-adjuster><\/sr7-adjuster>\n\t\t\t\t\t<sr7-content>\n\t\t\t\t\t\t<sr7-slide id=\"SR7_7_1-8\" data-key=\"8\">\n\t\t\t\t\t\t\t<sr7-bg id=\"SR7_7_1-8-slidebg\" class=\"sr7-layer\"><noscript><img decoding=\"async\" src=\"https:\/\/glueckstadt-tourismus.de\/wp-content\/uploads\/2017\/03\/20131005-dsc_0876-gaffeltre.jpg\" alt=\"\" title=\"Events\"><\/noscript><\/sr7-bg>\n\t\t\t\t\t\t<\/sr7-slide>\n\t\t\t\t\t\t<sr7-slide id=\"SR7_7_1-9\" data-key=\"9\">\n\t\t\t\t\t\t\t<sr7-bg id=\"SR7_7_1-9-slidebg\" class=\"sr7-layer\"><noscript><img decoding=\"async\" src=\"https:\/\/glueckstadt-tourismus.de\/wp-content\/uploads\/2017\/03\/gefuehltes_licht_2012-6916.jpg\" alt=\"\" title=\"Events\"><\/noscript><\/sr7-bg>\n\t\t\t\t\t\t<\/sr7-slide>\n\t\t\t\t\t\t<sr7-slide id=\"SR7_7_1-10\" data-key=\"10\">\n\t\t\t\t\t\t\t<sr7-bg id=\"SR7_7_1-10-slidebg\" class=\"sr7-layer\"><noscript><img decoding=\"async\" src=\"https:\/\/glueckstadt-tourismus.de\/wp-content\/uploads\/2017\/03\/weihnachtsmarkt_12.jpg\" alt=\"\" title=\"Events\"><\/noscript><\/sr7-bg>\n\t\t\t\t\t\t<\/sr7-slide>\n\t\t\t\t\t\t<sr7-slide id=\"SR7_7_1-55\" data-key=\"55\">\n\t\t\t\t\t\t<\/sr7-slide>\n\t\t\t\t\t<\/sr7-content>\n\t\t\t\t<\/sr7-module>\n\t\t\t\t<script>\n\t\t\t\t\twindow.SR7 ??={};SR7.PMH ??={}; SR7.PMH[\"SR7_7_1\"] = {cn:100,state:false,fn: function() { if (window._tpt!==undefined && window._tpt.prepareModuleHeight !== undefined) {  _tpt.prepareModuleHeight({id:\"SR7_7_1\",el:[],type:'standard',shdw:'0',gh:[500],gw:[1920],vpt:['-200px'],size:{fullWidth:true, fullHeight:false},mh:'0',onh:0,onw:0,bg:{color:'transparent'},plType:'0',plColor:'#FFFFFF'});   SR7.PMH[\"SR7_7_1\"].state=true;} else if(SR7.PMH[\"SR7_7_1\"].cn-->0)\tsetTimeout( SR7.PMH[\"SR7_7_1\"].fn,19);}};SR7.PMH[\"SR7_7_1\" ].fn();\n\t\t\t\t<\/script>\n[\/vc_column][\/vc_row][vc_row css=&#8221;.vc_custom_1487177245652{padding-top: 40px !important;padding-bottom: 0px !important;}&#8221;][vc_column][vc_custom_heading text=&#8221;What\u2019s on in Gl\u00fcckstadt?&#8221; font_container=&#8221;tag:h1|text_align:left&#8221; use_theme_fonts=&#8221;yes&#8221;][\/vc_column][\/vc_row][vc_row css=&#8221;.vc_custom_1487686545045{padding-bottom: 20px !important;}&#8221;][vc_column][vc_column_text]\n<h4>Arts &amp; Culture \u2013 Events \u2013 Guided Tours \u2013 Shopping \u2013 Sports &amp; Leisure Activities \u2026<\/h4>\n<p>Gl\u00fcckstadt, the beautiful historical monument on the Elbe, is always worth a trip. All year long, various larger and smaller events provide visitors with the opportunity to experience the different facets of this river town. The highlights include the Kulturm\u00e4rz (Culture in March) and SternenZauber (Magic of the Stars), the four day-long opening event of Gl\u00fcckst\u00e4dter Matjeswochen (Matjes season) in June, the Summer Festival on the Elbe and the Kulturnacht (Night of Culture).<\/p>\n<p>The citizens of Gl\u00fcckstadt are particularly proud of their young, vibrant arts scene. With their regularly changing exhibitions, the town\u2019s numerous art galleries and ateliers, the Detlefsen Museum and the Palais f\u00fcr aktuelle Kunst (Contemporary Art Gallery) form a large part of Gl\u00fcckstadt\u2019s cultural scene. Gl\u00fcckstadt\u2019s Friends of Music Association hosts regular concerts in the town church as part of the Schleswig-Holstein Music Festival. Therefore the town church is not only an architectural landmark but also the backdrop for unforgettable music events..<\/p>\n<p>Whether it\u2019s concerts of varying musical styles, readings, guided tours, boat tours on the Elbe, Open for Business Sundays, etc. \u2013 there\u2019s a huge variety of events taking place in our town. Just check out the events calendar for all of the latest events in Gl\u00fcckstadt and find your own personal highlight&#8230;[\/vc_column_text][\/vc_column][\/vc_row][vc_row css=&#8221;.vc_custom_1487686556717{padding-bottom: 40px !important;}&#8221;][vc_column width=&#8221;1\/4&#8243;][mk_image heading_title=&#8221;Event Highlights&#8221; src=&#8221;https:\/\/glueckstadt-tourismus.de\/wp-content\/uploads\/2017\/02\/1-veranstaltungshighlights.jpg&#8221; image_size=&#8221;full&#8221; link=&#8221;https:\/\/glueckstadt-tourismus.de\/en\/unsere-veranstaltungshighlights\/&#8221; align=&#8221;center&#8221; el_class=&#8221;veranstaltungen&#8221;][\/vc_column][vc_column width=&#8221;1\/4&#8243;][mk_image heading_title=&#8221;Events Calendar&#8221; src=&#8221;https:\/\/glueckstadt-tourismus.de\/wp-content\/uploads\/2017\/02\/1-veranstaltungskalender.jpg&#8221; image_size=&#8221;full&#8221; link=&#8221;https:\/\/glueckstadt-tourismus.de\/en\/calendar\/&#8221; align=&#8221;center&#8221;][\/vc_column][vc_column width=&#8221;1\/4&#8243;][mk_image heading_title=&#8221;Exhibitions&#8221; src=&#8221;https:\/\/glueckstadt-tourismus.de\/wp-content\/uploads\/2017\/02\/ausstellungen.jpg&#8221; image_size=&#8221;full&#8221; link=&#8221;https:\/\/glueckstadt-tourismus.de\/en\/exhibitions\/&#8221; align=&#8221;center&#8221;][\/vc_column][vc_column width=&#8221;1\/4&#8243;][mk_image heading_title=&#8221;Matjeswochen&#8221; src=&#8221;https:\/\/glueckstadt-tourismus.de\/wp-content\/uploads\/2017\/02\/matjeswochen.jpg&#8221; image_size=&#8221;full&#8221; link=&#8221;https:\/\/glueckstadt-tourismus.de\/en\/glueckstaedter-matjeswochen\/&#8221; align=&#8221;center&#8221;][\/vc_column][\/vc_row]<\/div>","protected":false},"excerpt":{"rendered":"<p>[vc_row][vc_column][\/vc_column][\/vc_row][vc_row css=&#8221;.vc_custom_1487177245652{padding-top: 40px !important;padding-bottom: 0px !important;}&#8221;][vc_column][vc_custom_heading text=&#8221;What\u2019s on in Gl\u00fcckstadt?&#8221; font_container=&#8221;tag:h1|text_align:left&#8221; use_theme_fonts=&#8221;yes&#8221;][\/vc_column][\/vc_row][vc_row css=&#8221;.vc_custom_1487686545045{padding-bottom: 20px !important;}&#8221;][vc_column][vc_column_text] Arts &amp; Culture \u2013 Events \u2013 Guided Tours \u2013 Shopping \u2013 Sports &amp; Leisure Activities \u2026 Gl\u00fcckstadt, the beautiful historical monument on the Elbe, is always worth a trip. All year long, various larger and smaller events provide visitors with [&hellip;]<\/p>\n","protected":false},"author":3,"featured_media":0,"parent":0,"menu_order":0,"comment_status":"closed","ping_status":"closed","template":"","meta":{"_acf_changed":false,"footnotes":""},"class_list":["post-2532","page","type-page","status-publish","hentry"],"acf":[],"_links":{"self":[{"href":"https:\/\/glueckstadt-tourismus.de\/en\/wp-json\/wp\/v2\/pages\/2532","targetHints":{"allow":["GET"]}}],"collection":[{"href":"https:\/\/glueckstadt-tourismus.de\/en\/wp-json\/wp\/v2\/pages"}],"about":[{"href":"https:\/\/glueckstadt-tourismus.de\/en\/wp-json\/wp\/v2\/types\/page"}],"author":[{"embeddable":true,"href":"https:\/\/glueckstadt-tourismus.de\/en\/wp-json\/wp\/v2\/users\/3"}],"replies":[{"embeddable":true,"href":"https:\/\/glueckstadt-tourismus.de\/en\/wp-json\/wp\/v2\/comments?post=2532"}],"version-history":[{"count":0,"href":"https:\/\/glueckstadt-tourismus.de\/en\/wp-json\/wp\/v2\/pages\/2532\/revisions"}],"wp:attachment":[{"href":"https:\/\/glueckstadt-tourismus.de\/en\/wp-json\/wp\/v2\/media?parent=2532"}],"curies":[{"name":"wp","href":"https:\/\/api.w.org\/{rel}","templated":true}]}}