{"id":7177,"date":"2018-05-15T15:20:19","date_gmt":"2018-05-15T13:20:19","guid":{"rendered":"http:\/\/glueckstadt-matjeswochen.de\/aftryk\/"},"modified":"2019-06-03T08:26:39","modified_gmt":"2019-06-03T06:26:39","slug":"aftryk","status":"publish","type":"page","link":"https:\/\/glueckstadt-tourismus.de\/da\/aftryk\/","title":{"rendered":"Aftryk"},"content":{"rendered":"<div class=\"wpb-content-wrapper\">[vc_row][vc_column]\n\t\t\t\t<p class=\"rs-p-wp-fix\"><\/p>\n\t\t\t\t<sr7-module data-alias=\"stadtportrait\" data-id=\"1\" id=\"SR7_1_1\" class=\"rs-ov-hidden\" data-version=\"6.7.53\">\n\t\t\t\t\t<sr7-adjuster><\/sr7-adjuster>\n\t\t\t\t\t<sr7-content>\n\t\t\t\t\t\t<sr7-slide id=\"SR7_1_1-1\" data-key=\"1\">\n\t\t\t\t\t\t\t<sr7-bg id=\"SR7_1_1-1-1\" class=\"sr7-layer\"><noscript><img decoding=\"async\" src=\"https:\/\/glueckstadt-tourismus.de\/wp-content\/uploads\/2017\/02\/jhh__panorama.jpg\" alt=\"Gl\u00fcckstadt Marktplatz\" title=\"Gl\u00fcckstadt Marktplatz\"><\/noscript><\/sr7-bg>\n\t\t\t\t\t\t<\/sr7-slide>\n\t\t\t\t\t\t<sr7-slide id=\"SR7_1_1-2\" data-key=\"2\">\n\t\t\t\t\t\t\t<sr7-bg id=\"SR7_1_1-2-1\" class=\"sr7-layer\"><noscript><img decoding=\"async\" src=\"https:\/\/glueckstadt-tourismus.de\/wp-content\/uploads\/2017\/02\/img_7313.jpg\" alt=\"Boote in Gl\u00fcckstadt\" title=\"Boote in Gl\u00fcckstadt\"><\/noscript><\/sr7-bg>\n\t\t\t\t\t\t<\/sr7-slide>\n\t\t\t\t\t\t<sr7-slide id=\"SR7_1_1-3\" data-key=\"3\">\n\t\t\t\t\t\t\t<sr7-bg id=\"SR7_1_1-3-1\" class=\"sr7-layer\"><noscript><img decoding=\"async\" src=\"https:\/\/glueckstadt-tourismus.de\/wp-content\/uploads\/2017\/02\/binnenhafen_glueckstadt.jpg\" alt=\"Binnenhafen Gl\u00fcckstadt\" title=\"binnenhafen_glueckstadt\"><\/noscript><\/sr7-bg>\n\t\t\t\t\t\t<\/sr7-slide>\n\t\t\t\t\t\t<sr7-slide id=\"SR7_1_1-53\" data-key=\"53\">\n\t\t\t\t\t\t<\/sr7-slide>\n\t\t\t\t\t<\/sr7-content>\n\t\t\t\t\t<image_lists style=\"display:none\">\n\t\t\t\t\t\t<img data-src=\"\/\/glueckstadt-tourismus.de\/wp-content\/uploads\/2017\/02\/jhh__panorama.jpg\" width=\"0\" height=\"0\" data-dbsrc=\"Ly9nbHVlY2tzdGFkdC10b3VyaXNtdXMuZGUvd3AtY29udGVudC91cGxvYWRzLzIwMTcvMDIvamhoX19wYW5vcmFtYS5qcGc=\"\/>\n\t\t\t\t\t\t<img data-src=\"\/\/glueckstadt-tourismus.de\/wp-content\/uploads\/2017\/02\/img_7313.jpg\" width=\"0\" height=\"0\" data-dbsrc=\"Ly9nbHVlY2tzdGFkdC10b3VyaXNtdXMuZGUvd3AtY29udGVudC91cGxvYWRzLzIwMTcvMDIvaW1nXzczMTMuanBn\"\/>\n\t\t\t\t\t\t<img data-src=\"\/\/glueckstadt-tourismus.de\/wp-content\/uploads\/2017\/02\/binnenhafen_glueckstadt.jpg\" width=\"0\" height=\"0\" data-dbsrc=\"Ly9nbHVlY2tzdGFkdC10b3VyaXNtdXMuZGUvd3AtY29udGVudC91cGxvYWRzLzIwMTcvMDIvYmlubmVuaGFmZW5fZ2x1ZWNrc3RhZHQuanBn\"\/>\n\t\t\t\t\t<\/image_lists>\n\t\t\t\t<\/sr7-module>\n\t\t\t\t<script>\n\t\t\t\t\twindow.SR7 ??={};SR7.PMH ??={}; SR7.PMH[\"SR7_1_1\"] = {cn:100,state:false,fn: function() { if (window._tpt!==undefined && window._tpt.prepareModuleHeight !== undefined) {  _tpt.prepareModuleHeight({id:\"SR7_1_1\",type:'standard',shdw:'0',gh:[500,500,267,203,125],gw:[1920,1920,1024,778,480],vpt:['-200px'],size:{fullWidth:true, fullHeight:false},mh:'0',onh:0,onw:0,bg:{color:'{\"orig\":\"transparent\",\"type\":\"solid\",\"string\":\"transparent\"}'},plType:'0',plColor:'#FFFFFF'});   SR7.PMH[\"SR7_1_1\"].state=true;} else if(SR7.PMH[\"SR7_1_1\"].cn-->0)\tsetTimeout( SR7.PMH[\"SR7_1_1\"].fn,19);}};SR7.PMH[\"SR7_1_1\" ].fn();\n\t\t\t\t<\/script>\n[\/vc_column][\/vc_row][vc_row css=&#8221;.vc_custom_1487177245652{padding-top: 40px !important;padding-bottom: 0px !important;}&#8221;][vc_column][vc_custom_heading source=&#8221;post_title&#8221; font_container=&#8221;tag:h1|text_align:left&#8221; use_theme_fonts=&#8221;yes&#8221;][\/vc_column][\/vc_row][vc_row css=&#8221;.vc_custom_1488367236178{padding-bottom: 40px !important;}&#8221;][vc_column][vc_column_text css=&#8221;.vc_custom_1559543192819{margin-bottom: 0px !important;}&#8221;]<a href=\"https:\/\/glueckstadt-tourismus.de\">www.glueckstadt-tourismus.de<\/a> and <a href=\"https:\/\/gluecks-routen.de\" target=\"_blank\" rel=\"noopener noreferrer\">www.gluecks-routen.de<\/a><br \/>\nThese sites are official Websites for tourism and town Marketing of the Gl\u00fcckstadt Destination Management GmbH \/ Verkehrs- und Gewerbeverein Gl\u00fcckstadt e.V.<\/p>\n<p>These legal notices also apply to:<br \/>\n<a href=\"https:\/\/www.facebook.com\/glueckstadt.glueck.erleben\/\" target=\"_blank\" rel=\"noopener noreferrer\">www.facebook.com\/glueckstadt.glueck.erleben<\/a>,<br \/>\n<a class=\"broken_link\" href=\"https:\/\/www.instagram.com\/glueckstadt.glueck.erleben\" target=\"_blank\" rel=\"noopener noreferrer\">www.instagram.com\/glueckstadt.glueck.erleben<\/a>.<\/p>\n<h3>Information provided according to Sec. 5 German Telemedia Act (TMG)<\/h3>\n<p>Gl\u00fcckstadt Destination Management GmbH<br \/>\nGro\u00dfe N\u00fcbelstra\u00dfe 31<br \/>\n25348 Gl\u00fcckstadt<\/p>\n<h3>Represented by<\/h3>\n<p>Sandra Kirbis &#8211; <span id=\"result_box\" class=\"short_text\" lang=\"en\" tabindex=\"-1\">managing director<\/span><\/p>\n<h3>Contact<\/h3>\n<p>Telephone: +49 (0) 41 24 \u2013 93 75 85<br \/>\nTelefax: +49 (0) 41 24 \u2013 93 75 86<br \/>\nEmail: info@glueckstadt-dm.de<\/p>\n<h3>Register entry<\/h3>\n<p>Entry in the Handelsregister.<br \/>\nRegistering court: Amtsgericht Pinneberg<br \/>\nRegistration number: HRB 2168 IZ<\/p>\n<h3>VAT<\/h3>\n<p>VAT Id number according to Sec. 27 a German Value Added Tax Act: DE1829028903<\/p>\n<h3>Responsible for contents acc. to Sec. 55, para. 2 German Federal Broadcasting Agreement (RstV)<\/h3>\n<p>Sandra Kirbis, Gesch\u00e4ftsf\u00fchrerin<br \/>\nGro\u00dfe N\u00fcbelstra\u00dfe 31<br \/>\n25348 Gl\u00fcckstadt<\/p>\n<h3>Opening hours<\/h3>\n<p>April-October, Monday to Friday 9am-6pm, Saturday &amp; Sunday 10am-4pm<br \/>\nNovember-March, Monday to Friday 10am-5pm, Saturday &amp; Sunday 10am-4pm<\/p>\n<h3>English Translation<\/h3>\n<p>Franz Kubaczyk (info@kubaczyk.eu)<br \/>\nChristian Potter (chris@rain-and-tea.de)<\/p>\n<p><span id=\"result_box\" lang=\"en\">The English translation was financially supported by the city of Gl\u00fcckstadt.<\/span><\/p>\n<h3>Images \/ Photos<\/h3>\n<p><strong>www.glueckstadt-tourismus.de:<\/strong><\/p>\n<p>Gl\u00fcckstadt Destination Management GmbH, Medienagentur Walter Worm, Holstein Tourismus e.V., Photo Company, Oliver Kratz, Petra Becker, Jann Roolfs, BIG St\u00e4dtebau GmbH, www.mediaserver.hamburg.de\/C. Spahrbier, Manfred Horender, Jan-Hendrik Helm, Torben Mattson, M\u00f6nchsweg e.V., Jakub Krechowicz\/shutterstock.com, Vladimir Gerasimov\/shutterstock.com, kret87\/shutterstock.com, Andresr\/shutterstock.com, wrangler\/shutterstock.com<\/p>\n<p><strong>www.gl\u00fccks-routen.de:<\/strong><\/p>\n<p>Gl\u00fcckstadt Destination Management GmbH, Holstein Tourismus e.V., Photo Company, Oliver Kratz, Petra Becker, M\u00f6nchsweg e.V. Alle weiteren Bilder von <a href=\"https:\/\/unsplash.com\/\" target=\"_blank\" rel=\"noopener noreferrer\">unsplash.com<\/a>.<\/p>\n<h3>Dispute resolution<\/h3>\n<p>The European Commission provides a platform for online dispute resolution (OS): <a href=\"https:\/\/ec.europa.eu\/consumers\/odr\" target=\"_blank\" rel=\"noopener noreferrer\">https:\/\/ec.europa.eu\/consumers\/odr<\/a>.<br \/>\nPlease find our email in the impressum\/legal notice.<\/p>\n<p>We do not take part in online dispute resolutions at consumer arbitration boards.<\/p>\n<h3>Liability for Contents<\/h3>\n<p>As service providers, we are liable for own contents of these websites according to Sec. 7, paragraph 1 German Telemedia Act (TMG). However, according to Sec. 8 to 10 German Telemedia Act (TMG), service providers are not obligated to permanently monitor submitted or stored information or to search for evidences that indicate illegal activities.<\/p>\n<p>Legal obligations to removing information or to blocking the use of information remain unchallenged. In this case, liability is only possible at the time of knowledge about a specific violation of law. Illegal contents will be removed immediately at the time we get knowledge of them.<\/p>\n<h3>Liability for Links<\/h3>\n<p>Our offer includes links to external third party websites. We have no influence on the contents of those websites, therefore we cannot guarantee for those contents. Providers or administrators of linked websites are always responsible for their own contents.<\/p>\n<p>The linked websites had been checked for possible violations of law at the time of the establishment of the link. Illegal contents were not detected at the time of the linking. A permanent monitoring of the contents of linked websites cannot be imposed without reasonable indications that there has been a violation of law. Illegal links will be removed immediately at the time we get knowledge of them.<\/p>\n<h3>Copyright<\/h3>\n<p>Contents and compilations published on these websites by the providers are subject to German copyright laws. Reproduction, editing, distribution as well as the use of any kind outside the scope of the copyright law require a written permission of the author or originator. Downloads and copies of these websites are permitted for private use only.<br \/>\nThe commercial use of our contents without permission of the originator is prohibited.<\/p>\n<p>Copyright laws of third parties are respected as long as the contents on these websites do not originate from the provider. Contributions of third parties on this site are indicated as such. However, if you notice any violations of copyright law, please inform us. Such contents will be removed immediately.[\/vc_column_text][\/vc_column][\/vc_row]<\/div>","protected":false},"excerpt":{"rendered":"<p>[vc_row][vc_column][\/vc_column][\/vc_row][vc_row css=&#8221;.vc_custom_1487177245652{padding-top: 40px !important;padding-bottom: 0px !important;}&#8221;][vc_column][vc_custom_heading source=&#8221;post_title&#8221; font_container=&#8221;tag:h1|text_align:left&#8221; use_theme_fonts=&#8221;yes&#8221;][\/vc_column][\/vc_row][vc_row css=&#8221;.vc_custom_1488367236178{padding-bottom: 40px !important;}&#8221;][vc_column][vc_column_text css=&#8221;.vc_custom_1559543192819{margin-bottom: 0px !important;}&#8221;]www.glueckstadt-tourismus.de and www.gluecks-routen.de These sites are official Websites for tourism and town Marketing of the Gl\u00fcckstadt Destination Management GmbH \/ Verkehrs- und Gewerbeverein Gl\u00fcckstadt e.V. These legal notices also apply to: www.facebook.com\/glueckstadt.glueck.erleben, www.instagram.com\/glueckstadt.glueck.erleben. Information provided according to Sec. 5 German Telemedia [&hellip;]<\/p>\n","protected":false},"author":3,"featured_media":0,"parent":0,"menu_order":0,"comment_status":"closed","ping_status":"closed","template":"","meta":{"_acf_changed":false,"footnotes":""},"class_list":["post-7177","page","type-page","status-publish","hentry"],"acf":[],"_links":{"self":[{"href":"https:\/\/glueckstadt-tourismus.de\/da\/wp-json\/wp\/v2\/pages\/7177","targetHints":{"allow":["GET"]}}],"collection":[{"href":"https:\/\/glueckstadt-tourismus.de\/da\/wp-json\/wp\/v2\/pages"}],"about":[{"href":"https:\/\/glueckstadt-tourismus.de\/da\/wp-json\/wp\/v2\/types\/page"}],"author":[{"embeddable":true,"href":"https:\/\/glueckstadt-tourismus.de\/da\/wp-json\/wp\/v2\/users\/3"}],"replies":[{"embeddable":true,"href":"https:\/\/glueckstadt-tourismus.de\/da\/wp-json\/wp\/v2\/comments?post=7177"}],"version-history":[{"count":0,"href":"https:\/\/glueckstadt-tourismus.de\/da\/wp-json\/wp\/v2\/pages\/7177\/revisions"}],"wp:attachment":[{"href":"https:\/\/glueckstadt-tourismus.de\/da\/wp-json\/wp\/v2\/media?parent=7177"}],"curies":[{"name":"wp","href":"https:\/\/api.w.org\/{rel}","templated":true}]}}