{"id":2489,"date":"2017-02-27T17:47:50","date_gmt":"2017-02-27T17:47:50","guid":{"rendered":"http:\/\/glueckstadt-matjeswochen.de\/?page_id=2489\/"},"modified":"2025-12-15T11:13:19","modified_gmt":"2025-12-15T10:13:19","slug":"glueckstadt-kongedroemmen-ved-elben-2-2","status":"publish","type":"page","link":"https:\/\/glueckstadt-tourismus.de\/da\/","title":{"rendered":"Gl\u00fcckstadt \u2013 Kongedr\u00f8mmen ved Elben"},"content":{"rendered":"<div class=\"wpb-content-wrapper\">[mk_page_section bg_color=&#8221;#007f87&#8243; full_width=&#8221;true&#8221; full_height=&#8221;true&#8221; padding_top=&#8221;0&#8243; skip_arrow=&#8221;true&#8221; sidebar=&#8221;sidebar-1&#8243;][vc_column][vc_column_text][layerslider_vc id=&#8221;5&#8243;][\/vc_column_text][\/vc_column][\/mk_page_section][vc_row fullwidth=&#8221;true&#8221; fullwidth_content=&#8221;false&#8221; css=&#8221;.vc_custom_1518615845373{padding-bottom: 40px !important;background-color: #007f87 !important;}&#8221;][vc_column][vc_column_text align=&#8221;center&#8221;]\n<h2><span style=\"color: #ffffff;\">Velkommen til Gl\u00fcckstadt!<\/span><\/h2>\n<p><span style=\"color: #ffffff;\">Find alle oplysninger for at f\u00f8le i vores by hele vejen rundt.<\/span><br \/>\n<span style=\"color: #ffffff;\">F\u00f8lg os ogs\u00e5 gerne holde dig p\u00e5 Facebook altid om aktuelle begivenheder og tilbud omkring Gl\u00fcckstadt til dato!<\/span>[\/vc_column_text][vc_column_text align=&#8221;center&#8221; css=&#8221;.vc_custom_1555232479457{margin-bottom: 0px !important;}&#8221;]<a href=\"https:\/\/www.facebook.com\/glueckstadt.glueck.erleben\/\" target=\"_blank\" rel=\"noopener noreferrer\"><img loading=\"lazy\" decoding=\"async\" class=\"alignnone size-full wp-image-326\" src=\"https:\/\/glueckstadt-tourismus.de\/wp-content\/uploads\/2017\/02\/facebook.png\" alt=\"\" width=\"80\" height=\"80\" \/><\/a> <a href=\"https:\/\/www.instagram.com\/glueckstadt.glueck.erleben\/\" target=\"_blank\" rel=\"noopener noreferrer\"><img loading=\"lazy\" decoding=\"async\" class=\"alignnone size-full wp-image-327\" src=\"https:\/\/glueckstadt-tourismus.de\/wp-content\/uploads\/2018\/02\/instagram.png\" alt=\"Instagram\" width=\"80\" height=\"80\" \/><\/a>[\/vc_column_text][\/vc_column][\/vc_row][vc_row fullwidth=&#8221;true&#8221; fullwidth_content=&#8221;false&#8221; css=&#8221;.vc_custom_1487153629064{padding-top: 40px !important;padding-bottom: 5px !important;background-color: #f2f2f2 !important;}&#8221;][vc_column][vc_custom_heading text=&#8221;Gl\u00fcckstadt \u2013 Kongedr\u00f8mmen ved Elben<br \/>\nEn by med karakter&#8221; font_container=&#8221;tag:h2|text_align:center&#8221; use_theme_fonts=&#8221;yes&#8221;][\/vc_column][\/vc_row][vc_row fullwidth=&#8221;true&#8221; fullwidth_content=&#8221;false&#8221; css=&#8221;.vc_custom_1688399216145{padding-top: 20px !important;padding-bottom: 15px !important;}&#8221;][vc_column css=&#8221;.vc_custom_1487149560865{padding-right: 0px !important;}&#8221;][vc_column_text]\n<h2>historisk<\/h2>\n<p>\u201eDat schall gl\u00fccken und dat mutt gl\u00fccken und dann schall se ok Gl\u00fcckstadt heten\u201c (det m\u00e5 lykkes og det vil lykkes og derfor skal den ogs\u00e5 hedde Lykkestad) \u2013 Med disse ord lod Christian 4., konge af Danmark og hertug af Slesvig og Holsten, den 22. marts 1617 den f\u00f8rste Grundsten l\u00e6gge til vores smukke by. Karakteristisk for byplanen er det stjerneformede og symmetriske grundrids i italiensk ren\u00e6ssancestil.<\/p>\n<p>Kongens hensigt var at skabe en uindtagelig f\u00e6stnings- og havneby ved nordbredden af Elbens munding som konkurrent til Hamborg by. Denne dristige kongedr\u00f8m skulle dog aldrig g\u00e5 i opfyldelse. Den dag i dag viser Gl\u00fcckstadt sig fra sin fredelige og idylliske side. De sm\u00e5 hyggelige gader, den maleriske havn, de velbevarede huse og byens beliggenhed i marsken ved Elben g\u00f8r det historiske Gl\u00fcckstadt til en s\u00e6rdeles enest\u00e5ende og dejlig by.<\/p>\n<p>Ved byens grundl\u00e6ggelse \u00f8nskede Kong Christian 4. en afbildning af lykkegudinden \u201dFortuna\u201d i byv\u00e5bnet. Siden da har \u201dFortuna\u201d bragt held og lykke over Gl\u00fcckstadt. Det er derfor ikke s\u00e5 underligt, at det siges om gl\u00fcckst\u00e4dterne, at de er de lykkeligste mennesker i hele landet.<br \/>\nVi ser alle frem til det sp\u00e6ndende jubil\u00e6ums\u00e5r i 2017. Enhver g\u00e6st fra n\u00e6r og fjern er velkommen til at fejre denne store begivenhed sammen med os.[\/vc_column_text][\/vc_column][\/vc_row][vc_row css=&#8221;.vc_custom_1488559961583{margin-top: 10px !important;padding-top: 40px !important;padding-bottom: 20px !important;}&#8221;][vc_column][vc_video host=&#8221;self_hosted&#8221; mp4=&#8221;https:\/\/glueckstadt-tourismus.de\/wp-content\/uploads\/2023\/03\/2023_glueckstadt_imagefilm_720p.mp4&#8243; webm=&#8221;https:\/\/glueckstadt-tourismus.de\/wp-content\/uploads\/2023\/04\/2023_glueckstadt_imagefilm_720p.webm&#8221; poster_image=&#8221;https:\/\/glueckstadt-tourismus.de\/wp-content\/uploads\/2023\/04\/ausschnitt-imagefilm.jpg&#8221;][\/vc_column][\/vc_row][vc_row css=&#8221;.vc_custom_1488559977489{padding-top: 20px !important;}&#8221; id=&#8221;traum&#8221;][vc_column][vc_custom_heading text=&#8221;Velkommen til Gl\u00fcckstadt, Tysklands \u201dLykkestad\u201d!&#8221; font_container=&#8221;tag:h2|text_align:center&#8221; use_theme_fonts=&#8221;yes&#8221;][\/vc_column][\/vc_row][vc_row css=&#8221;.vc_custom_1487065957190{padding-top: 45px !important;}&#8221; id=&#8221;traum&#8221;][vc_column width=&#8221;3\/4&#8243;][vc_column_text css=&#8221;.vc_custom_1765793593861{margin-bottom: 0px !important;}&#8221;]\n<h3>maritim<\/h3>\n<p>Kom og oplev Gl\u00fcckstadts maritime stemning. Betragt den storsl\u00e5ede udsigt ud over Elben eller sl\u00e5 dig ned p\u00e5 en af havnens b\u00e6nke og sug lidt af stemningen til dig med udsigt mod de smukt renoverede huse og det historiske sejlskib \u201e<a href=\"https:\/\/glueckstadt-tourismus.de\/rigmor-von-glueckstadt\/\">Rigmor<\/a>\u201c.<\/p>\n<h3>kulinarisk<\/h3>\n<p>Nyd s\u00e6sonens kulinariske specialiteter direkte fra egnen p\u00e5 en af byens mange spisesteder. Her serveres god mad og drikke. Gl\u00fcckstadt er is\u00e6r kendt for sin traditionel fremstillet matjessild \u201d<a href=\"https:\/\/glueckstadt-tourismus.de\/matjes-unser-original\/\">Original Gl\u00fcckst\u00e4dter Matjes<\/a>\u201d, som er meget mild i smagen.<\/p>\n<h3>kreativ<\/h3>\n<p>Dyk ned i Gl\u00fcckstadts pulserende kunstscene. Hele \u00e5ret rund vises sev\u00e6rdige udstillinger i de talrige gallerier, atelierer og derudover i \u201d<a href=\"https:\/\/glueckstadt-tourismus.de\/detlefsen-museum\/\">Detlefsen-Museum<\/a>\u201d og \u201d<a href=\"https:\/\/glueckstadt-tourismus.de\/palais-fuer-aktuelle-kunst\/\">Palais f\u00fcr aktuelle Kunst<\/a>\u201d.<\/p>\n<h3>underholdende<\/h3>\n<p>Bes\u00f8g byens store og sm\u00e5 events. Med \u201eKulturM\u00e4rz\u201c fejres byens f\u00f8dselsdag i marts. I juni hyldes matjessilden med \u201dGl\u00fcckst\u00e4dter Matjeswochen\u201d, hvor der festes i 4 dage. \u201dGl\u00fcckst\u00e4dter Kulturnacht\u201d skaber en hyggelig aften og til juletid fortryller \u201eSternenZauber\u201c os alle sammen.<\/p>\n<p>F\u00f8lg med i vores <a href=\"https:\/\/glueckstadt-tourismus.de\/veranstaltungen-kalender\/\">begivenhedskalender<\/a>.<\/p>\n<h3>k\u00f8belystig<\/h3>\n<p>Tag dig tid til at slentre rundt i den gamle bydel og kig p\u00e5 fristende butikker. I Gl\u00fcckstadt l\u00e6gger man stor v\u00e6gt p\u00e5 god og personlig service.<br \/>\nFra april til november holdes s\u00f8ndags\u00e5bent den 1. s\u00f8ndag i hver m\u00e5ned fra kl. 13:00\u201317:00. Nyd ved denne lejlighed en indk\u00f8bstur i en afslappet atmosf\u00e6re.<\/p>\n<h3>aktiv<\/h3>\n<p>Oplev Elbmarskens landskab rundt om Gl\u00fcckstadt. Eller tag p\u00e5 en l\u00e6ngere dagstur p\u00e5 <a href=\"https:\/\/glueckstadt-tourismus.de\/radfahren-in-glueckstadt-elbe\/\">cyklen<\/a> og f\u00f8lg Nords\u00f8ruten (North Sea Cycle Route). Det er verdens l\u00e6ngste cykelsti, som bl.a. g\u00e5r igennem her.<br \/>\nDer findes ogs\u00e5 mange andre mugligheder for store og sm\u00e5 at holde en aktiv ferie her: Tag p\u00e5 sejltur med skibet \u201dRigmor\u201d p\u00e5 Elben. Lad din drage stige til vejrs p\u00e5 diget. Udforsk naturen via kanu eller kajak. Benyt de mange stier til en g\u00e5tur eller tag en dukkert i friluftbadet.<br \/>\nDerudover er det oplagt at kombinere rejsen til Gl\u00fcckstadt med en tur til Hamborg. Dagen igennem er der gode togforbindelser dertil.<\/p>\n<h3>g\u00e6stfri<\/h3>\n<p>Du er altid velkommen til at kontakte Turistinformationen i Gl\u00fcckstadt. Her findes detaljerede brochurer og turfoldere med oplysninger om attraktioner, overnatninger, spisesteder og meget mere \u2026<\/p>\n<p>En guidet tur gennem byen er en anderledes m\u00e5de at l\u00e6re Gl\u00fcckstadts historie at kende p\u00e5. Turene henvender sig til alle, som har lyst til at h\u00f8re om selve byen og de mange interessante begivenheder, der har pr\u00e6get den bevaringsv\u00e6rdige by i snart 400 \u00e5r.<\/p>\n<p>Tag et minde med hjem: Vores \u201eGl\u00fcckstadt-Magazin\u201c pr\u00e6senterer byens sk\u00f8nne pladser, severdigheder og giver tips omkring sp\u00e6ndende udflugter ud i den Holstenske elbmarsk. Oplev ogs\u00e5 en byrundtur p\u00e5 egen h\u00e5nd med kortet over Gl\u00fcckstadt.<\/p>\n<p>Med lidt held og \u201dGl\u00fcck\u201d h\u00e5ber Gl\u00fcckstadt p\u00e5 at blive opdaget og indtaget af dig.<\/p>\n<p>Vi gl\u00e6der os til dit bes\u00f8g!<\/p>\n<p><strong>Tourist Information Gl\u00fcckstadt<\/strong><br \/>\nGro\u00dfe N\u00fcbelstra\u00dfe 31<br \/>\n25348 Gl\u00fcckstadt<br \/>\nTelefon <a href=\"tel:+494124937585\">+49 (0)4124 93 75 85<\/a><br \/>\nEmail: info@glueckstadt-tourismus.de<\/p>\n<p>\u00c5bningstider turistkontor:<br \/>\nMandag til Fredag: 9:30 &#8211; 13:00, 13:30 &#8211; 17:00; L\u00f8rdag til S\u00f8ndag: 10:00 &#8211; 16:00[\/vc_column_text][\/vc_column][vc_column width=&#8221;1\/4&#8243; css=&#8221;.vc_custom_1488560511997{padding-top: 45px !important;}&#8221;][mk_image src=&#8221;https:\/\/glueckstadt-tourismus.de\/wp-content\/uploads\/2017\/02\/karte_glueckstadt_gross.jpg&#8221; image_width=&#8221;270&#8243; image_height=&#8221;238&#8243;][mk_padding_divider size=&#8221;20&#8243;][mk_image src=&#8221;https:\/\/glueckstadt-tourismus.de\/wp-content\/uploads\/2017\/02\/gsjhhluftansicht3.jpg&#8221; image_size=&#8221;full&#8221;][mk_padding_divider size=&#8221;20&#8243;][mk_image src=&#8221;https:\/\/glueckstadt-tourismus.de\/wp-content\/uploads\/2017\/02\/christian.jpg&#8221; image_size=&#8221;full&#8221;][mk_padding_divider size=&#8221;20&#8243;][mk_image src=&#8221;https:\/\/glueckstadt-tourismus.de\/wp-content\/uploads\/2017\/02\/hafenzeile1.jpg&#8221; image_size=&#8221;full&#8221;][mk_padding_divider size=&#8221;20&#8243;][mk_image src=&#8221;https:\/\/glueckstadt-tourismus.de\/wp-content\/uploads\/2017\/02\/gastlich.jpg&#8221; image_size=&#8221;full&#8221;][mk_padding_divider size=&#8221;20&#8243;][mk_image src=&#8221;https:\/\/glueckstadt-tourismus.de\/wp-content\/uploads\/2017\/02\/kreativ.jpg&#8221; image_size=&#8221;full&#8221;][\/vc_column][\/vc_row]<\/div>","protected":false},"excerpt":{"rendered":"<p>[mk_page_section bg_color=&#8221;#007f87&#8243; full_width=&#8221;true&#8221; full_height=&#8221;true&#8221; padding_top=&#8221;0&#8243; skip_arrow=&#8221;true&#8221; sidebar=&#8221;sidebar-1&#8243;][vc_column][vc_column_text][layerslider_vc id=&#8221;5&#8243;][\/vc_column_text][\/vc_column][\/mk_page_section][vc_row fullwidth=&#8221;true&#8221; fullwidth_content=&#8221;false&#8221; css=&#8221;.vc_custom_1518615845373{padding-bottom: 40px !important;background-color: #007f87 !important;}&#8221;][vc_column][vc_column_text align=&#8221;center&#8221;] Velkommen til Gl\u00fcckstadt! Find alle oplysninger for at f\u00f8le i vores by hele vejen rundt. F\u00f8lg os ogs\u00e5 gerne holde dig p\u00e5 Facebook altid om aktuelle begivenheder og tilbud omkring Gl\u00fcckstadt til dato![\/vc_column_text][vc_column_text align=&#8221;center&#8221; css=&#8221;.vc_custom_1555232479457{margin-bottom: 0px !important;}&#8221;] [\/vc_column_text][\/vc_column][\/vc_row][vc_row fullwidth=&#8221;true&#8221; [&hellip;]<\/p>\n","protected":false},"author":3,"featured_media":0,"parent":0,"menu_order":0,"comment_status":"closed","ping_status":"closed","template":"","meta":{"_acf_changed":false,"footnotes":""},"class_list":["post-2489","page","type-page","status-publish","hentry"],"acf":[],"_links":{"self":[{"href":"https:\/\/glueckstadt-tourismus.de\/da\/wp-json\/wp\/v2\/pages\/2489","targetHints":{"allow":["GET"]}}],"collection":[{"href":"https:\/\/glueckstadt-tourismus.de\/da\/wp-json\/wp\/v2\/pages"}],"about":[{"href":"https:\/\/glueckstadt-tourismus.de\/da\/wp-json\/wp\/v2\/types\/page"}],"author":[{"embeddable":true,"href":"https:\/\/glueckstadt-tourismus.de\/da\/wp-json\/wp\/v2\/users\/3"}],"replies":[{"embeddable":true,"href":"https:\/\/glueckstadt-tourismus.de\/da\/wp-json\/wp\/v2\/comments?post=2489"}],"version-history":[{"count":4,"href":"https:\/\/glueckstadt-tourismus.de\/da\/wp-json\/wp\/v2\/pages\/2489\/revisions"}],"predecessor-version":[{"id":19964,"href":"https:\/\/glueckstadt-tourismus.de\/da\/wp-json\/wp\/v2\/pages\/2489\/revisions\/19964"}],"wp:attachment":[{"href":"https:\/\/glueckstadt-tourismus.de\/da\/wp-json\/wp\/v2\/media?parent=2489"}],"curies":[{"name":"wp","href":"https:\/\/api.w.org\/{rel}","templated":true}]}}